{"id":59,"date":"2022-05-03T08:13:26","date_gmt":"2022-05-03T08:13:26","guid":{"rendered":"https:\/\/hungry-neumann.85-214-86-81.plesk.page\/?page_id=59"},"modified":"2022-05-03T08:13:26","modified_gmt":"2022-05-03T08:13:26","slug":"anfahrt","status":"publish","type":"page","link":"https:\/\/hungry-neumann.85-214-86-81.plesk.page\/index.php\/anfahrt.html","title":{"rendered":"Anfahrt"},"content":{"rendered":"<p>[et_pb_section fb_built=&#8220;1&#8243; _builder_version=&#8220;4.15.1&#8243; _module_preset=&#8220;default&#8220; global_colors_info=&#8220;{}&#8220;][et_pb_row column_structure=&#8220;2_5,3_5&#8243; _builder_version=&#8220;4.15.1&#8243; _module_preset=&#8220;default&#8220; global_colors_info=&#8220;{}&#8220;][et_pb_column type=&#8220;2_5&#8243; _builder_version=&#8220;4.15.1&#8243; _module_preset=&#8220;default&#8220; global_colors_info=&#8220;{}&#8220;][\/et_pb_column][et_pb_column type=&#8220;3_5&#8243; _builder_version=&#8220;4.15.1&#8243; _module_preset=&#8220;default&#8220; global_colors_info=&#8220;{}&#8220;][et_pb_text _builder_version=&#8220;4.15.1&#8243; _module_preset=&#8220;default&#8220; global_colors_info=&#8220;{}&#8220;]<\/p>\n<p>Unsere Praxis liegt in Wuppertal-Elberfeld in unmittelbarer N\u00e4he des Hauptbahnhofes, sowie des Schwebe- und Busbahnhofes \u201eD\u00f6ppersberg\u201c.<\/p>\n<h4>Mit \u00f6ffentlichen Verkehrsmitteln:<\/h4>\n<p>&#8211; Hauptbahnhof Wuppertal<br \/>&#8211; Schwebebahnhof D\u00f6ppersberg<br \/>&#8211; zentraler Busbahnhof<\/p>\n<p>Von diesen drei Bahnh\u00f6fen erreichen Sie die Praxis bequem zu Fu\u00df \u00fcber die \u201eAlte Freiheit\u201c.<\/p>\n<h4>Mit dem Auto<\/h4>\n<p>&#8211; von der A 46 (Ausfahrt Wuppertal-Elberfeld) Richtung Zentrum<\/p>\n<p>&#8211; von Barmen und Vohwinkel \u00fcber die Bundesstra\u00dfe B 7<\/p>\n<p>In unmittelbarer N\u00e4he befinden sich mehrere Parkh\u00e4user:<\/p>\n<p>Parkhaus Hofaue (100m), Parkhaus Hofkamp (200m), Parkhaus City Arkaden (200m)<\/p>\n<p>Patienten k\u00f6nnen in der Hofaue bis zur Praxis gebracht bzw. an der Praxis abgeholt werden, Parken ist nur im Rahmen des Abholens erlaubt.<\/p>\n<p>[\/et_pb_text][\/et_pb_column][\/et_pb_row][\/et_pb_section][et_pb_section fb_built=&#8220;1&#8243; fullwidth=&#8220;on&#8220; theme_builder_area=&#8220;post_content&#8220; _builder_version=&#8220;4.15.1&#8243; _module_preset=&#8220;default&#8220; disabled_on=&#8220;on|on|on&#8220; disabled=&#8220;on&#8220; hover_enabled=&#8220;0&#8243; sticky_enabled=&#8220;0&#8243;][et_pb_fullwidth_map _builder_version=&#8220;4.15.1&#8243; _module_preset=&#8220;default&#8220; theme_builder_area=&#8220;post_content&#8220; hover_enabled=&#8220;0&#8243; sticky_enabled=&#8220;0&#8243;][\/et_pb_fullwidth_map][\/et_pb_section][et_pb_section fb_built=&#8220;1&#8243; fullwidth=&#8220;on&#8220; theme_builder_area=&#8220;post_content&#8220; _builder_version=&#8220;4.15.1&#8243; _module_preset=&#8220;default&#8220;][et_pb_fullwidth_image src=&#8220;https:\/\/hungry-neumann.85-214-86-81.plesk.page\/wp-content\/uploads\/2022\/05\/Bildschirmfoto-2022-05-03-um-09.54.jpg&#8220; _builder_version=&#8220;4.15.1&#8243; _module_preset=&#8220;default&#8220; theme_builder_area=&#8220;post_content&#8220; title_text=&#8220;Bildschirmfoto 2022-05-03 um 09.54&#8243; hover_enabled=&#8220;0&#8243; sticky_enabled=&#8220;0&#8243;][\/et_pb_fullwidth_image][\/et_pb_section]<\/p>\n","protected":false},"excerpt":{"rendered":"<p>Unsere Praxis liegt in Wuppertal-Elberfeld in unmittelbarer N\u00e4he des Hauptbahnhofes, sowie des Schwebe- und Busbahnhofes \u201eD\u00f6ppersberg\u201c. Mit \u00f6ffentlichen Verkehrsmitteln: &#8211; Hauptbahnhof Wuppertal- Schwebebahnhof D\u00f6ppersberg- zentraler Busbahnhof Von diesen drei Bahnh\u00f6fen erreichen Sie die Praxis bequem zu Fu\u00df \u00fcber die \u201eAlte Freiheit\u201c. Mit dem Auto &#8211; von der A 46 (Ausfahrt Wuppertal-Elberfeld) Richtung Zentrum &#8211; von [&hellip;]<\/p>\n","protected":false},"author":1,"featured_media":0,"parent":0,"menu_order":0,"comment_status":"closed","ping_status":"closed","template":"","meta":{"_et_pb_use_builder":"on","_et_pb_old_content":"","_et_gb_content_width":"","footnotes":""},"class_list":["post-59","page","type-page","status-publish","hentry"],"_links":{"self":[{"href":"https:\/\/hungry-neumann.85-214-86-81.plesk.page\/index.php\/wp-json\/wp\/v2\/pages\/59","targetHints":{"allow":["GET"]}}],"collection":[{"href":"https:\/\/hungry-neumann.85-214-86-81.plesk.page\/index.php\/wp-json\/wp\/v2\/pages"}],"about":[{"href":"https:\/\/hungry-neumann.85-214-86-81.plesk.page\/index.php\/wp-json\/wp\/v2\/types\/page"}],"author":[{"embeddable":true,"href":"https:\/\/hungry-neumann.85-214-86-81.plesk.page\/index.php\/wp-json\/wp\/v2\/users\/1"}],"replies":[{"embeddable":true,"href":"https:\/\/hungry-neumann.85-214-86-81.plesk.page\/index.php\/wp-json\/wp\/v2\/comments?post=59"}],"version-history":[{"count":3,"href":"https:\/\/hungry-neumann.85-214-86-81.plesk.page\/index.php\/wp-json\/wp\/v2\/pages\/59\/revisions"}],"predecessor-version":[{"id":64,"href":"https:\/\/hungry-neumann.85-214-86-81.plesk.page\/index.php\/wp-json\/wp\/v2\/pages\/59\/revisions\/64"}],"wp:attachment":[{"href":"https:\/\/hungry-neumann.85-214-86-81.plesk.page\/index.php\/wp-json\/wp\/v2\/media?parent=59"}],"curies":[{"name":"wp","href":"https:\/\/api.w.org\/{rel}","templated":true}]}}