{"id":26,"date":"2022-05-03T07:06:42","date_gmt":"2022-05-03T07:06:42","guid":{"rendered":"https:\/\/hungry-neumann.85-214-86-81.plesk.page\/?page_id=26"},"modified":"2024-06-18T12:33:03","modified_gmt":"2024-06-18T12:33:03","slug":"klinik","status":"publish","type":"page","link":"https:\/\/hungry-neumann.85-214-86-81.plesk.page\/index.php\/klinik.html","title":{"rendered":"Klinik"},"content":{"rendered":"<p>[et_pb_section fb_built=&#8220;1&#8243; fullwidth=&#8220;on&#8220; _builder_version=&#8220;4.16&#8243; _module_preset=&#8220;default&#8220; height=&#8220;768px&#8220; global_colors_info=&#8220;{}&#8220;][et_pb_fullwidth_slider _builder_version=&#8220;4.16&#8243; _module_preset=&#8220;default&#8220; content_width=&#8220;100%&#8220; height=&#8220;768px&#8220; animation_style=&#8220;fade&#8220; auto=&#8220;on&#8220; global_colors_info=&#8220;{}&#8220;][et_pb_slide _builder_version=&#8220;4.16&#8243; _module_preset=&#8220;default&#8220; background_enable_color=&#8220;off&#8220; background_image=&#8220;https:\/\/hungry-neumann.85-214-86-81.plesk.page\/wp-content\/uploads\/2022\/05\/MG_7280.jpg&#8220; background_enable_image=&#8220;on&#8220; global_colors_info=&#8220;{}&#8220; sticky_transition=&#8220;on&#8220;][\/et_pb_slide][et_pb_slide _builder_version=&#8220;4.16&#8243; _module_preset=&#8220;default&#8220; background_enable_color=&#8220;off&#8220; background_image=&#8220;https:\/\/hungry-neumann.85-214-86-81.plesk.page\/wp-content\/uploads\/2022\/05\/MG_7441.jpg&#8220; background_enable_image=&#8220;on&#8220; global_colors_info=&#8220;{}&#8220; sticky_transition=&#8220;on&#8220;][\/et_pb_slide][et_pb_slide _builder_version=&#8220;4.16&#8243; _module_preset=&#8220;default&#8220; background_enable_color=&#8220;off&#8220; background_image=&#8220;https:\/\/hungry-neumann.85-214-86-81.plesk.page\/wp-content\/uploads\/2022\/05\/Flinke-Fachkraefte.jpg&#8220; background_enable_image=&#8220;on&#8220; global_colors_info=&#8220;{}&#8220; sticky_transition=&#8220;on&#8220;][\/et_pb_slide][\/et_pb_fullwidth_slider][\/et_pb_section][et_pb_section fb_built=&#8220;1&#8243; _builder_version=&#8220;4.16&#8243; _module_preset=&#8220;default&#8220; custom_padding=&#8220;||14px|||&#8220; global_colors_info=&#8220;{}&#8220;][et_pb_row _builder_version=&#8220;4.16&#8243; _module_preset=&#8220;default&#8220; global_colors_info=&#8220;{}&#8220;][et_pb_column type=&#8220;4_4&#8243; _builder_version=&#8220;4.16&#8243; _module_preset=&#8220;default&#8220; global_colors_info=&#8220;{}&#8220;][et_pb_text _builder_version=&#8220;4.16&#8243; _module_preset=&#8220;default&#8220; header_font=&#8220;|600|||||||&#8220; header_text_align=&#8220;center&#8220; header_text_color=&#8220;gcid-956ddd57-1108-42b1-b9cd-28cda1b34323&#8243; header_line_height=&#8220;1.3em&#8220; global_colors_info=&#8220;{%22gcid-956ddd57-1108-42b1-b9cd-28cda1b34323%22:%91%22header_text_color%22%93}&#8220;]<\/p>\n<h1>Gute Atmosph\u00e4re &#8211; moderne Ausstattung<br \/>engagiertes, freundliches Team<\/h1>\n<p>[\/et_pb_text][\/et_pb_column][\/et_pb_row][\/et_pb_section][et_pb_section fb_built=&#8220;1&#8243; _builder_version=&#8220;4.16&#8243; _module_preset=&#8220;default&#8220; custom_padding=&#8220;8px|||||&#8220; global_colors_info=&#8220;{}&#8220;][et_pb_row column_structure=&#8220;1_2,1_2&#8243; _builder_version=&#8220;4.16&#8243; _module_preset=&#8220;default&#8220; global_colors_info=&#8220;{}&#8220;][et_pb_column type=&#8220;1_2&#8243; _builder_version=&#8220;4.16&#8243; _module_preset=&#8220;default&#8220; global_colors_info=&#8220;{}&#8220;][et_pb_image src=&#8220;https:\/\/hungry-neumann.85-214-86-81.plesk.page\/wp-content\/uploads\/2022\/05\/knie.jpg&#8220; title_text=&#8220;knie&#8220; align=&#8220;center&#8220; _builder_version=&#8220;4.16&#8243; _module_preset=&#8220;default&#8220; module_alignment=&#8220;center&#8220; max_height=&#8220;559px&#8220; global_colors_info=&#8220;{}&#8220;][\/et_pb_image][\/et_pb_column][et_pb_column type=&#8220;1_2&#8243; _builder_version=&#8220;4.16&#8243; _module_preset=&#8220;default&#8220; global_colors_info=&#8220;{}&#8220;][et_pb_text _builder_version=&#8220;4.16&#8243; _module_preset=&#8220;default&#8220; text_font_size=&#8220;18px&#8220; global_colors_info=&#8220;{}&#8220;]<\/p>\n<p style=\"font-weight: 400;\">Im Wehrmannhaus in unmittelbarer N\u00e4he zum Hauptbahnhof und zur Schwebebahn haben wir auf 450 qm eine modernes OP-Zentrum eingerichtet. Wir haben 2 Operationss\u00e4le und 2 Eingriffsr\u00e4ume, in denen Sie unser OP-Team bestehend aus Operateur, 3 OP-Schwestern, An\u00e4sthesist und An\u00e4sthesiefachkraft betreut.<\/p>\n<p style=\"font-weight: 400;\">Die 5 Patientenzimmer bieten vor und nach der Operation eine angenehme und entspannte Atmosph\u00e4re auch f\u00fcr Angeh\u00f6rige. In 7 Behandlungsr\u00e4umen und verschiedenen Wartebereichen werden von unserem Team ca. 40 Tsd. Patientenbesuche und \u00fcber 2 Tsd. Operationen im Jahr betreut.<\/p>\n<p style=\"font-weight: 400;\">Die diagnostischen und therapeutischen Ma\u00dfnahmen in unserer komplett digitalisierten Praxis beinhalten u.a. die R\u00f6ntgen- und Ultraschalldiagnostik und Sto\u00dfwellentherapie. <\/p>\n<p>Wir arbeiten in einem Netzwerk von Kollegen in Niederlassung und Klinik um Ihnen immer eine fachliche Expertise anbieten zu k\u00f6nnen.<\/p>\n<p style=\"font-weight: 400;\">\n<p>[\/et_pb_text][et_pb_text _builder_version=&#8220;4.16&#8243; _module_preset=&#8220;default&#8220; global_colors_info=&#8220;{}&#8220;][\/et_pb_text][\/et_pb_column][\/et_pb_row][\/et_pb_section]<\/p>\n","protected":false},"excerpt":{"rendered":"<p>Gute Atmosph\u00e4re &#8211; moderne Ausstattungengagiertes, freundliches TeamIm Wehrmannhaus in unmittelbarer N\u00e4he zum Hauptbahnhof und zur Schwebebahn haben wir auf 450 qm eine modernes OP-Zentrum eingerichtet. Wir haben 2 Operationss\u00e4le und 2 Eingriffsr\u00e4ume, in denen Sie unser OP-Team bestehend aus Operateur, 3 OP-Schwestern, An\u00e4sthesist und An\u00e4sthesiefachkraft betreut. Die 5 Patientenzimmer bieten vor und nach der Operation [&hellip;]<\/p>\n","protected":false},"author":1,"featured_media":0,"parent":0,"menu_order":0,"comment_status":"closed","ping_status":"closed","template":"","meta":{"_et_pb_use_builder":"on","_et_pb_old_content":"","_et_gb_content_width":"","footnotes":""},"class_list":["post-26","page","type-page","status-publish","hentry"],"_links":{"self":[{"href":"https:\/\/hungry-neumann.85-214-86-81.plesk.page\/index.php\/wp-json\/wp\/v2\/pages\/26","targetHints":{"allow":["GET"]}}],"collection":[{"href":"https:\/\/hungry-neumann.85-214-86-81.plesk.page\/index.php\/wp-json\/wp\/v2\/pages"}],"about":[{"href":"https:\/\/hungry-neumann.85-214-86-81.plesk.page\/index.php\/wp-json\/wp\/v2\/types\/page"}],"author":[{"embeddable":true,"href":"https:\/\/hungry-neumann.85-214-86-81.plesk.page\/index.php\/wp-json\/wp\/v2\/users\/1"}],"replies":[{"embeddable":true,"href":"https:\/\/hungry-neumann.85-214-86-81.plesk.page\/index.php\/wp-json\/wp\/v2\/comments?post=26"}],"version-history":[{"count":11,"href":"https:\/\/hungry-neumann.85-214-86-81.plesk.page\/index.php\/wp-json\/wp\/v2\/pages\/26\/revisions"}],"predecessor-version":[{"id":215,"href":"https:\/\/hungry-neumann.85-214-86-81.plesk.page\/index.php\/wp-json\/wp\/v2\/pages\/26\/revisions\/215"}],"wp:attachment":[{"href":"https:\/\/hungry-neumann.85-214-86-81.plesk.page\/index.php\/wp-json\/wp\/v2\/media?parent=26"}],"curies":[{"name":"wp","href":"https:\/\/api.w.org\/{rel}","templated":true}]}}