{"id":10,"date":"2022-03-15T16:17:02","date_gmt":"2022-03-15T16:17:02","guid":{"rendered":"https:\/\/hungry-neumann.85-214-86-81.plesk.page\/?page_id=10"},"modified":"2024-06-18T12:22:48","modified_gmt":"2024-06-18T12:22:48","slug":"startseite","status":"publish","type":"page","link":"https:\/\/hungry-neumann.85-214-86-81.plesk.page\/","title":{"rendered":"Startseite"},"content":{"rendered":"<p>[et_pb_section fb_built=&#8220;1&#8243; fullwidth=&#8220;on&#8220; _builder_version=&#8220;4.16&#8243; _module_preset=&#8220;default&#8220; global_colors_info=&#8220;{}&#8220;][et_pb_fullwidth_slider _builder_version=&#8220;4.18.0&#8243; _module_preset=&#8220;default&#8220; height=&#8220;668px&#8220; auto=&#8220;on&#8220; auto_speed=&#8220;5000&#8243; auto_ignore_hover=&#8220;on&#8220; global_colors_info=&#8220;{}&#8220;][et_pb_slide _builder_version=&#8220;4.18.0&#8243; _module_preset=&#8220;default&#8220; background_enable_color=&#8220;off&#8220; background_image=&#8220;https:\/\/hungry-neumann.85-214-86-81.plesk.page\/wp-content\/uploads\/2024\/06\/aertze_praxisklinik_hofaue2.jpg&#8220; background_enable_image=&#8220;on&#8220; background_position=&#8220;top_center&#8220; global_colors_info=&#8220;{}&#8220; sticky_transition=&#8220;on&#8220;][\/et_pb_slide][et_pb_slide _builder_version=&#8220;4.18.0&#8243; _module_preset=&#8220;default&#8220; background_enable_color=&#8220;off&#8220; background_image=&#8220;https:\/\/hungry-neumann.85-214-86-81.plesk.page\/wp-content\/uploads\/2022\/05\/Flinke-Fachkraefte.jpg&#8220; background_enable_image=&#8220;on&#8220; global_colors_info=&#8220;{}&#8220; sticky_transition=&#8220;on&#8220;][\/et_pb_slide][\/et_pb_fullwidth_slider][\/et_pb_section][et_pb_section fb_built=&#8220;1&#8243; _builder_version=&#8220;4.16&#8243; _module_preset=&#8220;default&#8220; global_colors_info=&#8220;{}&#8220;][et_pb_row _builder_version=&#8220;4.16&#8243; _module_preset=&#8220;default&#8220; global_colors_info=&#8220;{}&#8220;][et_pb_column type=&#8220;4_4&#8243; _builder_version=&#8220;4.16&#8243; _module_preset=&#8220;default&#8220; global_colors_info=&#8220;{}&#8220;][et_pb_text _builder_version=&#8220;4.16&#8243; _module_preset=&#8220;default&#8220; header_font=&#8220;|600|||||||&#8220; header_text_color=&#8220;gcid-956ddd57-1108-42b1-b9cd-28cda1b34323&#8243; header_font_size=&#8220;41px&#8220; global_colors_info=&#8220;{%22gcid-956ddd57-1108-42b1-b9cd-28cda1b34323%22:%91%22header_text_color%22%93}&#8220;]<\/p>\n<h1 style=\"text-align: center;\">Willkommen in der Praxisklinik Hofaue<\/h1>\n<p>[\/et_pb_text][\/et_pb_column][\/et_pb_row][et_pb_row _builder_version=&#8220;4.16&#8243; _module_preset=&#8220;default&#8220; global_colors_info=&#8220;{}&#8220;][et_pb_column type=&#8220;4_4&#8243; _builder_version=&#8220;4.16&#8243; _module_preset=&#8220;default&#8220; global_colors_info=&#8220;{}&#8220;][et_pb_image src=&#8220;https:\/\/hungry-neumann.85-214-86-81.plesk.page\/wp-content\/uploads\/2024\/06\/2024_logo_praxis_hofaue.png&#8220; title_text=&#8220;2024_logo_praxis_hofaue&#8220; _builder_version=&#8220;4.18.0&#8243; _module_preset=&#8220;default&#8220; max_width=&#8220;25%&#8220; module_alignment=&#8220;center&#8220; global_colors_info=&#8220;{}&#8220;][\/et_pb_image][\/et_pb_column][\/et_pb_row][et_pb_row _builder_version=&#8220;4.16&#8243; _module_preset=&#8220;default&#8220; global_colors_info=&#8220;{}&#8220;][et_pb_column type=&#8220;4_4&#8243; _builder_version=&#8220;4.16&#8243; _module_preset=&#8220;default&#8220; global_colors_info=&#8220;{}&#8220;][et_pb_text _builder_version=&#8220;4.18.0&#8243; _module_preset=&#8220;default&#8220; text_font_size=&#8220;20px&#8220; text_orientation=&#8220;center&#8220; global_colors_info=&#8220;{}&#8220;]<\/p>\n<h2 style=\"font-weight: 400;\"><strong>OP-Zentrum im Herzen Wuppertal-Elberfelds<\/strong><\/h2>\n<p>&nbsp;<\/p>\n<p style=\"font-weight: 400;\">Das OP-Zentrum Praxisklinik Hofaue bietet Ihnen ein breites Spektrum der ambulanten Chirurgie.<\/p>\n<p style=\"font-weight: 400;\">Auf h\u00f6chstem Niveau liegen unsere Schwerpunkte in unfallchirurgisch-orthop\u00e4dischen Gelenkeingriffen, allen voran der Knie- und Schulterchirurgie, in bauchchirurgischen Operationen, hier vor allem den Leisten- und Nabelbr\u00fcchen sowie der Plastischen Chirurgie mit dem Schwerpunkt der Handchirurgie.<\/p>\n<p style=\"font-weight: 400;\">\n<p style=\"font-weight: 400;\">Operationen, wie die Knieendoprothetik, die eines station\u00e4ren Aufenthaltes bed\u00fcrfen, werden im Rahmen einer Krankenhauskooperation durchgef\u00fchrt.<\/p>\n<p style=\"font-weight: 400;\">\n<p style=\"font-weight: 400;\">Als Durchgangsarztpraxis behandeln wir Arbeits-, Schul- und Wegeunf\u00e4lle, die berufsgenossenschaftlich versichert sind.<\/p>\n<p style=\"font-weight: 400;\">\n<p style=\"font-weight: 400;\">Wir freuen uns auf Ihren Besuch<\/p>\n<p style=\"font-weight: 400;\">Das Team des OP-Zentrums Praxisklinik Hofaue<\/p>\n<p>[\/et_pb_text][\/et_pb_column][\/et_pb_row][\/et_pb_section]<\/p>\n","protected":false},"excerpt":{"rendered":"<p>Willkommen in der Praxisklinik HofaueOP-Zentrum im Herzen Wuppertal-Elberfelds &nbsp; Das OP-Zentrum Praxisklinik Hofaue bietet Ihnen ein breites Spektrum der ambulanten Chirurgie. Auf h\u00f6chstem Niveau liegen unsere Schwerpunkte in unfallchirurgisch-orthop\u00e4dischen Gelenkeingriffen, allen voran der Knie- und Schulterchirurgie, in bauchchirurgischen Operationen, hier vor allem den Leisten- und Nabelbr\u00fcchen sowie der Plastischen Chirurgie mit dem Schwerpunkt der Handchirurgie. [&hellip;]<\/p>\n","protected":false},"author":1,"featured_media":0,"parent":0,"menu_order":0,"comment_status":"closed","ping_status":"closed","template":"","meta":{"_et_pb_use_builder":"on","_et_pb_old_content":"","_et_gb_content_width":"","footnotes":""},"class_list":["post-10","page","type-page","status-publish","hentry"],"_links":{"self":[{"href":"https:\/\/hungry-neumann.85-214-86-81.plesk.page\/index.php\/wp-json\/wp\/v2\/pages\/10","targetHints":{"allow":["GET"]}}],"collection":[{"href":"https:\/\/hungry-neumann.85-214-86-81.plesk.page\/index.php\/wp-json\/wp\/v2\/pages"}],"about":[{"href":"https:\/\/hungry-neumann.85-214-86-81.plesk.page\/index.php\/wp-json\/wp\/v2\/types\/page"}],"author":[{"embeddable":true,"href":"https:\/\/hungry-neumann.85-214-86-81.plesk.page\/index.php\/wp-json\/wp\/v2\/users\/1"}],"replies":[{"embeddable":true,"href":"https:\/\/hungry-neumann.85-214-86-81.plesk.page\/index.php\/wp-json\/wp\/v2\/comments?post=10"}],"version-history":[{"count":22,"href":"https:\/\/hungry-neumann.85-214-86-81.plesk.page\/index.php\/wp-json\/wp\/v2\/pages\/10\/revisions"}],"predecessor-version":[{"id":208,"href":"https:\/\/hungry-neumann.85-214-86-81.plesk.page\/index.php\/wp-json\/wp\/v2\/pages\/10\/revisions\/208"}],"wp:attachment":[{"href":"https:\/\/hungry-neumann.85-214-86-81.plesk.page\/index.php\/wp-json\/wp\/v2\/media?parent=10"}],"curies":[{"name":"wp","href":"https:\/\/api.w.org\/{rel}","templated":true}]}}